{"id":56,"date":"2025-10-03T07:30:25","date_gmt":"2025-10-03T05:30:25","guid":{"rendered":"https:\/\/gs-trbovlje.splet.arnes.si\/?page_id=56"},"modified":"2026-05-07T08:27:31","modified_gmt":"2026-05-07T06:27:31","slug":"kontakti","status":"publish","type":"page","link":"https:\/\/gs-trbovlje.splet.arnes.si\/?page_id=56","title":{"rendered":"KONTAKTI"},"content":{"rendered":"\n<figure class=\"wp-block-image size-large\"><img loading=\"lazy\" decoding=\"async\" width=\"1024\" height=\"585\" src=\"https:\/\/gs-trbovlje.splet.arnes.si\/files\/2025\/10\/Yellow-Simple-Instruments-Music-Business-Card-1-1024x585.jpg\" alt=\"\" class=\"wp-image-79\" srcset=\"https:\/\/gs-trbovlje.splet.arnes.si\/files\/2025\/10\/Yellow-Simple-Instruments-Music-Business-Card-1-1024x585.jpg 1024w, https:\/\/gs-trbovlje.splet.arnes.si\/files\/2025\/10\/Yellow-Simple-Instruments-Music-Business-Card-1-300x171.jpg 300w, https:\/\/gs-trbovlje.splet.arnes.si\/files\/2025\/10\/Yellow-Simple-Instruments-Music-Business-Card-1-768x439.jpg 768w, https:\/\/gs-trbovlje.splet.arnes.si\/files\/2025\/10\/Yellow-Simple-Instruments-Music-Business-Card-1-947x541.jpg 947w, https:\/\/gs-trbovlje.splet.arnes.si\/files\/2025\/10\/Yellow-Simple-Instruments-Music-Business-Card-1-624x357.jpg 624w, https:\/\/gs-trbovlje.splet.arnes.si\/files\/2025\/10\/Yellow-Simple-Instruments-Music-Business-Card-1.jpg 1050w\" sizes=\"auto, (max-width: 1024px) 100vw, 1024px\" \/><\/figure>\n\n\n\n<figure class=\"wp-block-table\"><table><thead><tr><th>U\u010cITELJ<\/th><th>PREDMET<\/th><th>U\u010cILNICA<\/th><th>E-NASLOV<\/th><\/tr><\/thead><tbody><tr><td>Tanja BO\u017dI\u010cEK SIMNOV\u010cI\u010c<\/td><td>Glasbena pripravnica, Pred\u0161olska glasbena vzgoja, Orffova skupina<\/td><td>2<\/td><td><a href=\"mailto:tanja.bozicek-simnovcic@gs-trbovlje.si\" data-type=\"mailto\" data-id=\"mailto:tanja.bozicek-simnovcic@gs-trbovlje.si\">tanja.bozicek-simnovcic@gs-trbovlje.si<\/a><\/td><\/tr><tr><td>Barbara \u010cERNE<\/td><td>Flavta, Orffova skupina<\/td><td>RP<\/td><td><a href=\"mailto:barbara.cerne@gs-trbovlje.si\" data-type=\"mailto\" data-id=\"mailto:barbara.cerne@gs-trbovlje.si\">barbara.cerne@gs-trbovlje.si<\/a><\/td><\/tr><tr><td>Danijela DJORDJEVI\u0106<\/td><td>Violina, Mali godalni ansambel<\/td><td>13<\/td><td><a href=\"mailto:danijela.djordjevic@gs-trbovlje.si\" data-type=\"mailto\" data-id=\"mailto:danijela.djordjevic@gs-trbovlje.si\">danijela.djordjevic@gs-trbovlje.si<\/a><\/td><\/tr><tr><td>Amna EMER\u0160I\u010c<\/td><td>Klavir<\/td><td>5<\/td><td><a href=\"mailto:amna.emersic@gs-trbovlje.si\" data-type=\"mailto\" data-id=\"mailto:amna.emersic@gs-trbovlje.si\">amna.emersic@gs-trbovlje.si<\/a><\/td><\/tr><tr><td>Jan Matija HORVAT<\/td><td>Trobenta, Jazz trobenta<\/td><td>15<\/td><td><a href=\"mailto:jan-matija.horvat@gs-trbovlje.si\" data-type=\"mailto\" data-id=\"mailto:jan-matija.horvat@gs-trbovlje.si\">jan-matija.horvat@gs-trbovlje.si<\/a><\/td><\/tr><tr><td>Dominik HRIBOV\u0160EK<\/td><td>Klarinet, Saksofon<\/td><td>12<\/td><td><a href=\"mailto:dominik.hribovsek@gs-trbovlje.si\" data-type=\"mailto\" data-id=\"mailto:dominik.hribovsek@gs-trbovlje.si\">dominik.hribovsek@gs-trbovlje.si<\/a><\/td><\/tr><tr><td>Kim KERN KUKOVI\u010c<\/td><td>Plesna pripravnica, Sodobni ples<\/td><td>16 in D<\/td><td><a href=\"mailto:kim.kern-kukovic@gs-trbovlje.si\" data-type=\"mailto\" data-id=\"mailto:kim.kern-kukovic@gs-trbovlje.si\">kim.kern-kukovic@gs-trbovlje.si<\/a><\/td><\/tr><tr><td>Magda KLAN\u010cI\u0160AR<\/td><td>Flavta, Kljunasta flavta<\/td><td>7<\/td><td><a href=\"mailto:magda.klancisar@gs-trbovlje.si\" data-type=\"mailto\" data-id=\"mailto:magda.klancisar@gs-trbovlje.si\">magda.klancisar@gs-trbovlje.si<\/a><\/td><\/tr><tr><td><\/td><td><\/td><td><\/td><td><\/td><\/tr><tr><td>Stojan KUHAR<\/td><td>Kitara, Kitarski orkester<\/td><td>8<\/td><td><a href=\"mailto:stojan.kuhar@gs-trbovlje.si\" data-type=\"mailto\" data-id=\"mailto:stojan.kuhar@gs-trbovlje.si\">stojan.kuhar@gs-trbovlje.si<\/a><\/td><\/tr><tr><td>Maja LEBAR KOTAR<\/td><td>Violina, Viola, Godalni orkester<\/td><td>11<\/td><td><a href=\"mailto:maja.lebar.kotar@gs-trbovlje.si\" data-type=\"mailto\" data-id=\"mailto:maja.lebar.kotar@gs-trbovlje.si\">maja.lebar.kotar@gs-trbovlje.si<\/a><\/td><\/tr><tr><td>Ur\u0161ka MEGLI\u010c<\/td><td>Klavir, Korepeticije<\/td><td>6<\/td><td><a href=\"mailto:urska.meglic@gs-trbovlje.si\" data-type=\"mailto\" data-id=\"mailto:urska.meglic@gs-trbovlje.si\">urska.meglic@gs-trbovlje.si<\/a><\/td><\/tr><tr><td>Katja MIKULA<\/td><td>Violina, Mali godalni ansambel<\/td><td>14<\/td><td><a href=\"mailto:katja.mikula@gs-trbovlje.si\" data-type=\"mailto\" data-id=\"mailto:katja.mikula@gs-trbovlje.si\">katja.mikula@gs-trbovlje.si<\/a><\/td><\/tr><tr><td>Amina NIKO\u010cEVI\u0106<\/td><td>Klavir, Korepeticije<\/td><td>10<\/td><td><a href=\"mailto:amina.nikocevic@gs-trbovlje.si\" data-type=\"mailto\" data-id=\"mailto:amina.nikocevic@gs-trbovlje.si\">amina.nikocevic@gs-trbovlje.si<\/a><\/td><\/tr><tr><td>Igor PODPE\u010cAN<\/td><td>Pozavna, Tuba, Diatoni\u010dna harmonika, Narodno-zabavni ansambel<\/td><td>3<\/td><td><a href=\"mailto:igor.podpecan@gs-trbovlje.si\" data-type=\"mailto\" data-id=\"mailto:igor.podpecan@gs-trbovlje.si\">igor.podpecan@gs-trbovlje.si<\/a><\/td><\/tr><tr><td>Barbara SOR\u010c<\/td><td>Petje, Jazz petje<\/td><td>9<\/td><td><a href=\"mailto:barbara.sorc@gs-trbovlje.si\" data-type=\"mailto\" data-id=\"mailto:barbara.sorc@gs-trbovlje.si\">barbara.sorc@gs-trbovlje.si<\/a><\/td><\/tr><tr><td>Alojz STRADAR<\/td><td>Harmonika, Diatoni\u010dna harmonika<\/td><td>4<\/td><td><a href=\"mailto:alojz.stradar@gs-trbovlje.si\" data-type=\"mailto\" data-id=\"mailto:alojz.stradar@gs-trbovlje.si\">alojz.stradar@gs-trbovlje.si<\/a><\/td><\/tr><tr><td>Marjana STRADAR<\/td><td>Nauk o glasbi, Solfeggio, Zbor<\/td><td>48 O\u0160 T\u010c<\/td><td><a href=\"mailto:marjana.stradar@gs-trbovlje.si\" data-type=\"mailto\" data-id=\"mailto:marjana.stradar@gs-trbovlje.si\">marjana.stradar@gs-trbovlje.si<\/a><\/td><\/tr><tr><td>Ma\u0161a TOMC<\/td><td>Violon\u010delo<\/td><td>9<\/td><td><a href=\"mailto:masa.tomc@gs-trbovlje.si\" data-type=\"mailto\" data-id=\"mailto:masa.tomc@gs-trbovlje.si\">masa.tomc@gs-trbovlje.si<\/a><\/td><\/tr><tr><td>Nastja VIDIRH<\/td><td>Klavir<\/td><td>5<\/td><td><a href=\"mailto:nastja.vidrih@gs-trbovlje.si\" data-type=\"mailto\" data-id=\"mailto:nastja.vidrih@gs-trbovlje.si\">nastja.vidrih@gs-trbovlje.si<\/a><\/td><\/tr><tr><td><\/td><td><\/td><td><\/td><td><\/td><\/tr><tr><td>Nata\u0161a ZAV\u0160EK VIDIC <\/td><td>Kitara<\/td><td>0<\/td><td><a href=\"mailto:natasa.zavsek@gs-trbovlje.si\" data-type=\"mailto\" data-id=\"mailto:natasa.zavsek@gs-trbovlje.si\">natasa.zavsek@gs-trbovlje.si<\/a><\/td><\/tr><tr><td>Tja\u0161 ZAZIJAL<\/td><td>Tolkala, Jazz bobni<\/td><td>1<\/td><td><a href=\"mailto:tjas.zazijal@gs-trbovlje.si\" data-type=\"mailto\" data-id=\"mailto:tjas.zazijal@gs-trbovlje.si\">tjas.zazijal@gs-trbovlje.si<\/a><\/td><\/tr><\/tbody><\/table><\/figure>\n\n\n\n<p><\/p>\n","protected":false},"excerpt":{"rendered":"<p>U\u010cITELJ PREDMET U\u010cILNICA E-NASLOV Tanja BO\u017dI\u010cEK SIMNOV\u010cI\u010c Glasbena pripravnica, Pred\u0161olska glasbena vzgoja, Orffova skupina 2 tanja.bozicek-simnovcic@gs-trbovlje.si Barbara \u010cERNE Flavta, Orffova skupina RP barbara.cerne@gs-trbovlje.si Danijela DJORDJEVI\u0106 Violina, Mali godalni ansambel 13 [&hellip;]<\/p>\n","protected":false},"author":121093,"featured_media":0,"parent":0,"menu_order":0,"comment_status":"closed","ping_status":"closed","template":"template-fullwidth.php","meta":{"footnotes":""},"class_list":["post-56","page","type-page","status-publish","hentry"],"_links":{"self":[{"href":"https:\/\/gs-trbovlje.splet.arnes.si\/index.php?rest_route=\/wp\/v2\/pages\/56","targetHints":{"allow":["GET"]}}],"collection":[{"href":"https:\/\/gs-trbovlje.splet.arnes.si\/index.php?rest_route=\/wp\/v2\/pages"}],"about":[{"href":"https:\/\/gs-trbovlje.splet.arnes.si\/index.php?rest_route=\/wp\/v2\/types\/page"}],"author":[{"embeddable":true,"href":"https:\/\/gs-trbovlje.splet.arnes.si\/index.php?rest_route=\/wp\/v2\/users\/121093"}],"replies":[{"embeddable":true,"href":"https:\/\/gs-trbovlje.splet.arnes.si\/index.php?rest_route=%2Fwp%2Fv2%2Fcomments&post=56"}],"version-history":[{"count":14,"href":"https:\/\/gs-trbovlje.splet.arnes.si\/index.php?rest_route=\/wp\/v2\/pages\/56\/revisions"}],"predecessor-version":[{"id":2046,"href":"https:\/\/gs-trbovlje.splet.arnes.si\/index.php?rest_route=\/wp\/v2\/pages\/56\/revisions\/2046"}],"wp:attachment":[{"href":"https:\/\/gs-trbovlje.splet.arnes.si\/index.php?rest_route=%2Fwp%2Fv2%2Fmedia&parent=56"}],"curies":[{"name":"wp","href":"https:\/\/api.w.org\/{rel}","templated":true}]}}