{"id":13,"date":"2025-10-02T09:38:45","date_gmt":"2025-10-02T07:38:45","guid":{"rendered":"https:\/\/gs-trbovlje.splet.arnes.si\/?page_id=13"},"modified":"2026-04-24T08:25:15","modified_gmt":"2026-04-24T06:25:15","slug":"domov","status":"publish","type":"page","link":"https:\/\/gs-trbovlje.splet.arnes.si\/","title":{"rendered":"DOMOV"},"content":{"rendered":"\n<figure class=\"wp-block-image size-large\"><a href=\"https:\/\/www.eglasbenasola.si\/vpis\/49\"><img loading=\"lazy\" decoding=\"async\" width=\"724\" height=\"1024\" src=\"https:\/\/gs-trbovlje.splet.arnes.si\/files\/2026\/04\/Music-Poster-2-724x1024.jpg\" alt=\"\" class=\"wp-image-2041\" srcset=\"https:\/\/gs-trbovlje.splet.arnes.si\/files\/2026\/04\/Music-Poster-2-724x1024.jpg 724w, https:\/\/gs-trbovlje.splet.arnes.si\/files\/2026\/04\/Music-Poster-2-212x300.jpg 212w, https:\/\/gs-trbovlje.splet.arnes.si\/files\/2026\/04\/Music-Poster-2-768x1086.jpg 768w, https:\/\/gs-trbovlje.splet.arnes.si\/files\/2026\/04\/Music-Poster-2-1086x1536.jpg 1086w, https:\/\/gs-trbovlje.splet.arnes.si\/files\/2026\/04\/Music-Poster-2-1448x2048.jpg 1448w, https:\/\/gs-trbovlje.splet.arnes.si\/files\/2026\/04\/Music-Poster-2-947x1340.jpg 947w, https:\/\/gs-trbovlje.splet.arnes.si\/files\/2026\/04\/Music-Poster-2-624x883.jpg 624w, https:\/\/gs-trbovlje.splet.arnes.si\/files\/2026\/04\/Music-Poster-2.jpg 1587w\" sizes=\"auto, (max-width: 724px) 100vw, 724px\" \/><\/a><\/figure>\n\n\n\n<figure class=\"wp-block-image size-large\"><img loading=\"lazy\" decoding=\"async\" width=\"1024\" height=\"576\" src=\"https:\/\/gs-trbovlje.splet.arnes.si\/files\/2025\/11\/Trbovlje-foto-1024x576.jpg\" alt=\"\" class=\"wp-image-1007\" srcset=\"https:\/\/gs-trbovlje.splet.arnes.si\/files\/2025\/11\/Trbovlje-foto-1024x576.jpg 1024w, https:\/\/gs-trbovlje.splet.arnes.si\/files\/2025\/11\/Trbovlje-foto-300x169.jpg 300w, https:\/\/gs-trbovlje.splet.arnes.si\/files\/2025\/11\/Trbovlje-foto-768x432.jpg 768w, https:\/\/gs-trbovlje.splet.arnes.si\/files\/2025\/11\/Trbovlje-foto-947x533.jpg 947w, https:\/\/gs-trbovlje.splet.arnes.si\/files\/2025\/11\/Trbovlje-foto-624x351.jpg 624w, https:\/\/gs-trbovlje.splet.arnes.si\/files\/2025\/11\/Trbovlje-foto.jpg 1536w\" sizes=\"auto, (max-width: 1024px) 100vw, 1024px\" \/><\/figure>\n\n\n\n<p><strong>Dobrodo\u0161li<\/strong> <strong>na spletni strani G\u0160 Trbovlje!<\/strong><\/p>\n\n\n\n<p>Glasbena \u0161ola Trbovlje se pona\u0161a z dolgoletno tradicijo, ki \u017ee ve\u010d generacij bogati kulturno \u017eivljenje v na\u0161em mestu in \u0161ir\u0161i okolici. V njej u\u010denci spoznavajo \u010darobni svet glasbe in plesa, razvijajo svoje talente ter odkrivajo veselje do ustvarjalnosti in umetni\u0161kega izra\u017eanja.<\/p>\n\n\n\n<p>Ponujamo \u0161irok nabor programov \u2013 od u\u010denja razli\u010dnih instrumentov, petja, plesa do pred\u0161olskih in pripravni\u0161kih programov ter komorne igre, orkestrov in zbora. Na\u0161i u\u010ditelji so predani mentorji, ki u\u010dence spodbujajo na poti njihovega umetni\u0161kega in osebnega razvoja.<\/p>\n\n\n\n<p>Verjamemo, da glasba povezuje ljudi, bogati njihova \u017eivljenja in odpira vrata v svet novih do\u017eivetij, tako glasbenih kot plesnih. Zato na Glasbeni \u0161oli Trbovlje ustvarjamo prijazno in spodbudno okolje, kjer se lahko vsakdo izrazi, raste in soustvarja zgodbo, ki presega posameznika.<\/p>\n\n\n\n<p>Vabljeni, da skupaj z nami do\u017eivite in za\u010dutite mo\u010d glasbe!<\/p>\n\n\n\n<p><\/p>\n","protected":false},"excerpt":{"rendered":"<p>Dobrodo\u0161li na spletni strani G\u0160 Trbovlje! Glasbena \u0161ola Trbovlje se pona\u0161a z dolgoletno tradicijo, ki \u017ee ve\u010d generacij bogati kulturno \u017eivljenje v na\u0161em mestu in \u0161ir\u0161i okolici. V njej u\u010denci [&hellip;]<\/p>\n","protected":false},"author":121093,"featured_media":0,"parent":0,"menu_order":0,"comment_status":"closed","ping_status":"closed","template":"template-testimonials.php","meta":{"footnotes":""},"class_list":["post-13","page","type-page","status-publish","hentry"],"_links":{"self":[{"href":"https:\/\/gs-trbovlje.splet.arnes.si\/index.php?rest_route=\/wp\/v2\/pages\/13","targetHints":{"allow":["GET"]}}],"collection":[{"href":"https:\/\/gs-trbovlje.splet.arnes.si\/index.php?rest_route=\/wp\/v2\/pages"}],"about":[{"href":"https:\/\/gs-trbovlje.splet.arnes.si\/index.php?rest_route=\/wp\/v2\/types\/page"}],"author":[{"embeddable":true,"href":"https:\/\/gs-trbovlje.splet.arnes.si\/index.php?rest_route=\/wp\/v2\/users\/121093"}],"replies":[{"embeddable":true,"href":"https:\/\/gs-trbovlje.splet.arnes.si\/index.php?rest_route=%2Fwp%2Fv2%2Fcomments&post=13"}],"version-history":[{"count":14,"href":"https:\/\/gs-trbovlje.splet.arnes.si\/index.php?rest_route=\/wp\/v2\/pages\/13\/revisions"}],"predecessor-version":[{"id":2042,"href":"https:\/\/gs-trbovlje.splet.arnes.si\/index.php?rest_route=\/wp\/v2\/pages\/13\/revisions\/2042"}],"wp:attachment":[{"href":"https:\/\/gs-trbovlje.splet.arnes.si\/index.php?rest_route=%2Fwp%2Fv2%2Fmedia&parent=13"}],"curies":[{"name":"wp","href":"https:\/\/api.w.org\/{rel}","templated":true}]}}