{"id":119,"date":"2025-10-06T10:48:42","date_gmt":"2025-10-06T08:48:42","guid":{"rendered":"https:\/\/gs-trbovlje.splet.arnes.si\/?page_id=119"},"modified":"2026-03-16T14:49:13","modified_gmt":"2026-03-16T13:49:13","slug":"pooblascena-oseba-za-varstvo-podatkov","status":"publish","type":"page","link":"https:\/\/gs-trbovlje.splet.arnes.si\/?page_id=119","title":{"rendered":"POOBLAS\u010cENA OSEBA ZA VARSTVO PODATKOV"},"content":{"rendered":"\n<p>V skladu z dolo\u010dilom 37. \u010dlena Uredbe EU 2016\/679 Evropskega parlamenta in sveta z dne 27. aprila 2016 smo za poobla\u0161\u010deno osebo za varstvo podatkov imenovali dru\u017ebo:<\/p>\n\n\n\n<p><strong><a href=\"https:\/\/datainfo.si\/\">DATAINFO.SI<\/a><br>Tr\u017ea\u0161ka cesta 37c, 2000 Maribor<br>www.datainfo.si<br>epo\u0161ta:\u00a0dpo@datainfo.si<br>Tel: +386 (0) 2 620 4 300<\/strong><\/p>\n\n\n\n<div class=\"df-element df-lite\"  data-slug=\"130\" data-_slug=\"130\" data-title=\"\" id=\"df_130\" data-option=\"df_option_130\" ><\/div><script class=\"df-shortcode-script\" type=\"application\/javascript\">window.df_option_130 = {\"source\":\"https:\\\/\\\/gs-trbovlje.splet.arnes.si\\\/files\\\/2025\\\/10\\\/1.-GST-Politika-zasebnosti-2024.pdf\",\"slug\":\"130\",\"id\":130}; if(window.DEARPDF && window.DEARPDF.parseElements){window.DEARPDF.parseElements();}<\/script>\n\n\n\n<p><\/p>\n","protected":false},"excerpt":{"rendered":"<p>V skladu z dolo\u010dilom 37. \u010dlena Uredbe EU 2016\/679 Evropskega parlamenta in sveta z dne 27. aprila 2016 smo za poobla\u0161\u010deno osebo za varstvo podatkov imenovali dru\u017ebo: DATAINFO.SITr\u017ea\u0161ka cesta 37c, [&hellip;]<\/p>\n","protected":false},"author":121093,"featured_media":0,"parent":0,"menu_order":0,"comment_status":"closed","ping_status":"closed","template":"template-fullwidth.php","meta":{"footnotes":""},"class_list":["post-119","page","type-page","status-publish","hentry"],"_links":{"self":[{"href":"https:\/\/gs-trbovlje.splet.arnes.si\/index.php?rest_route=\/wp\/v2\/pages\/119","targetHints":{"allow":["GET"]}}],"collection":[{"href":"https:\/\/gs-trbovlje.splet.arnes.si\/index.php?rest_route=\/wp\/v2\/pages"}],"about":[{"href":"https:\/\/gs-trbovlje.splet.arnes.si\/index.php?rest_route=\/wp\/v2\/types\/page"}],"author":[{"embeddable":true,"href":"https:\/\/gs-trbovlje.splet.arnes.si\/index.php?rest_route=\/wp\/v2\/users\/121093"}],"replies":[{"embeddable":true,"href":"https:\/\/gs-trbovlje.splet.arnes.si\/index.php?rest_route=%2Fwp%2Fv2%2Fcomments&post=119"}],"version-history":[{"count":9,"href":"https:\/\/gs-trbovlje.splet.arnes.si\/index.php?rest_route=\/wp\/v2\/pages\/119\/revisions"}],"predecessor-version":[{"id":1787,"href":"https:\/\/gs-trbovlje.splet.arnes.si\/index.php?rest_route=\/wp\/v2\/pages\/119\/revisions\/1787"}],"wp:attachment":[{"href":"https:\/\/gs-trbovlje.splet.arnes.si\/index.php?rest_route=%2Fwp%2Fv2%2Fmedia&parent=119"}],"curies":[{"name":"wp","href":"https:\/\/api.w.org\/{rel}","templated":true}]}}